{"id":8764,"date":"2025-02-18T12:07:50","date_gmt":"2025-02-18T10:07:50","guid":{"rendered":"https:\/\/bodegamassana.com\/qui-som\/"},"modified":"2025-02-18T12:59:27","modified_gmt":"2025-02-18T10:59:27","slug":"quienes-somos","status":"publish","type":"page","link":"https:\/\/bodegamassana.com\/es\/quienes-somos\/","title":{"rendered":"Quienes somos"},"content":{"rendered":"<p>[et_pb_section fb_built=\u00bb1&#8243; fullwidth=\u00bbon\u00bb _builder_version=\u00bb4.27.4&#8243; _module_preset=\u00bbdefault\u00bb background_image=\u00bbhttps:\/\/bodegamassana.com\/wp-content\/uploads\/2012\/04\/EntradaBodegaBN.jpg\u00bb background_position=\u00bbtop_center\u00bb global_colors_info=\u00bb{}\u00bb][et_pb_fullwidth_header title=\u00bbCUANDO EL HAMBRE APRIETA, AQU\u00cd TIENES LA PUERTA ABIERTA\u00bb _builder_version=\u00bb4.27.4&#8243; _module_preset=\u00bbdefault\u00bb title_text_align=\u00bbcenter\u00bb background_enable_color=\u00bboff\u00bb custom_padding=\u00bb||110px|||\u00bb global_colors_info=\u00bb{}\u00bb][\/et_pb_fullwidth_header][\/et_pb_section][et_pb_section fb_built=\u00bb1&#8243; admin_label=\u00bbsection\u00bb _builder_version=\u00bb4.16&#8243; global_colors_info=\u00bb{}\u00bb][et_pb_row _builder_version=\u00bb4.27.4&#8243; _module_preset=\u00bbdefault\u00bb width=\u00bb85%\u00bb max_width=\u00bb1700px\u00bb global_colors_info=\u00bb{}\u00bb][et_pb_column type=\u00bb4_4&#8243; _builder_version=\u00bb4.27.4&#8243; _module_preset=\u00bbdefault\u00bb global_colors_info=\u00bb{}\u00bb][et_pb_text _builder_version=\u00bb4.27.4&#8243; _module_preset=\u00bbdefault\u00bb global_colors_info=\u00bb{}\u00bb]<\/p>\n<h3 style=\"text-align: center;\"><strong>\u00b7 HISTORIA \u00b7<\/strong><\/h3>\n<p>&nbsp;<\/p>\n<p style=\"text-align: left;\">La Bodega Massana est\u00e1 al servicio de Horta y del resto de Barcelona desde hace m\u00e1s de 80 a\u00f1os. Fue fundada en 1930 por una familia procedente de Ripollet. As\u00ed, como Can Ripollet, fue conocida hasta 1950, cuando llegaron los hermanos Massana, originarios de Sant Pau d\u2019Ordal (Alt Pened\u00e8s).<\/p>\n<p>Tierra de agricultura, granjas av\u00edcolas y de vi\u00f1edos. Una de las muchas mas\u00edas del pueblo fue la que acab\u00f3 convirti\u00e9ndose en el actual y popular restaurante Cal Pere del Maset, propiedad de Pere Massana y Cols, hijo de Pere Massana y Em\u00edlia Cols.<\/p>\n<p>Pero son los otros dos hijos, <strong>Josep Massana<\/strong> y <strong>Maria Massana<\/strong>, quienes se trasladaron a Horta para encargarse de la Bodega. Ella se cas\u00f3 con <strong>Isidre Massana<\/strong> (quien, a pesar de tener el mismo apellido y venir del mismo pueblo, no eran familiares), con quien tambi\u00e9n llevar\u00eda el negocio.[\/et_pb_text][\/et_pb_column][\/et_pb_row][et_pb_row column_structure=\u00bb1_2,1_2&#8243; _builder_version=\u00bb4.27.4&#8243; _module_preset=\u00bbdefault\u00bb global_colors_info=\u00bb{}\u00bb][et_pb_column type=\u00bb1_2&#8243; _builder_version=\u00bb4.27.4&#8243; _module_preset=\u00bbdefault\u00bb global_colors_info=\u00bb{}\u00bb][et_pb_image src=\u00bbhttps:\/\/bodegamassana.com\/wp-content\/uploads\/2012\/04\/EntradaBodegaBN.jpg\u00bb title_text=\u00bbEntradaBodegaBN\u00bb align=\u00bbcenter\u00bb _builder_version=\u00bb4.27.4&#8243; _module_preset=\u00bbdefault\u00bb module_alignment=\u00bbcenter\u00bb custom_margin=\u00bb50px||||false|false\u00bb global_colors_info=\u00bb{}\u00bb][\/et_pb_image][\/et_pb_column][et_pb_column type=\u00bb1_2&#8243; _builder_version=\u00bb4.27.4&#8243; _module_preset=\u00bbdefault\u00bb global_colors_info=\u00bb{}\u00bb][et_pb_image src=\u00bbhttps:\/\/bodegamassana.com\/wp-content\/uploads\/2012\/04\/24196_103665996344062_100001019874801_28279_2168666_n1.jpg\u00bb title_text=\u00bbCarrer Horta Bodega Massana\u00bb align=\u00bbcenter\u00bb _builder_version=\u00bb4.27.4&#8243; _module_preset=\u00bbdefault\u00bb width=\u00bb100%\u00bb module_alignment=\u00bbcenter\u00bb global_colors_info=\u00bb{}\u00bb][\/et_pb_image][\/et_pb_column][\/et_pb_row][\/et_pb_section][et_pb_section fb_built=\u00bb1&#8243; _builder_version=\u00bb4.27.4&#8243; _module_preset=\u00bbdefault\u00bb background_color=\u00bb#ededed\u00bb global_colors_info=\u00bb{}\u00bb][et_pb_row column_structure=\u00bb1_2,1_2&#8243; _builder_version=\u00bb4.27.4&#8243; _module_preset=\u00bbdefault\u00bb width=\u00bb85%\u00bb max_width=\u00bb1700px\u00bb global_colors_info=\u00bb{}\u00bb][et_pb_column type=\u00bb1_2&#8243; _builder_version=\u00bb4.27.4&#8243; _module_preset=\u00bbdefault\u00bb global_colors_info=\u00bb{}\u00bb][et_pb_image src=\u00bbhttps:\/\/bodegamassana.com\/wp-content\/uploads\/2012\/04\/FBM.jpg\u00bb title_text=\u00bbFBM\u00bb align=\u00bbcenter\u00bb _builder_version=\u00bb4.27.4&#8243; _module_preset=\u00bbdefault\u00bb global_colors_info=\u00bb{}\u00bb][\/et_pb_image][\/et_pb_column][et_pb_column type=\u00bb1_2&#8243; _builder_version=\u00bb4.27.4&#8243; _module_preset=\u00bbdefault\u00bb global_colors_info=\u00bb{}\u00bb][et_pb_text _builder_version=\u00bb4.27.4&#8243; _module_preset=\u00bbdefault\u00bb global_colors_info=\u00bb{}\u00bb]<\/p>\n<p style=\"text-align: left;\">En 1985 fallece <strong>Josep<\/strong>, y su viuda, <strong>Carme Piqu\u00e9 i Reverter<\/strong>, contin\u00faa al frente del negocio con la ayuda de <strong>Isidre<\/strong>, y el hijo de este \u00faltimo, <strong>Jordi Massana Massana<\/strong>. Poco tiempo despu\u00e9s, en 1992, decide retirarse y la Bodega es asumida como propietaria por su sobrino <strong>Jordi Massana<\/strong> junto con su esposa <strong>Cresc\u00e8ncia Ruiz Ortega<\/strong>.<\/p>\n<p style=\"text-align: left;\">Actualmente, est\u00e1 gestionada por <strong>Cresc\u00e8ncia<\/strong>, familiarmente conocida como <strong>Cris<\/strong>, con su cu\u00f1ado <strong>Carles de la Prida<\/strong>, quien ya formaba parte de la Bodega desde 1996. Sin olvidar a <strong>Llu\u00eds<\/strong> Esteve, un gran amigo que ha sido un ayudante excepcional durante 12 a\u00f1os y de quien a\u00fan disfrutamos de su compa\u00f1\u00eda, ahora como cliente. Actualmente, tambi\u00e9n contamos con la preciada ayuda diaria de <strong>Jordi Rovira<\/strong>.<\/p>\n<p>[\/et_pb_text][\/et_pb_column][\/et_pb_row][\/et_pb_section][et_pb_section fb_built=\u00bb1&#8243; _builder_version=\u00bb4.27.4&#8243; _module_preset=\u00bbdefault\u00bb global_colors_info=\u00bb{}\u00bb][et_pb_row column_structure=\u00bb3_5,2_5&#8243; _builder_version=\u00bb4.27.4&#8243; _module_preset=\u00bbdefault\u00bb width=\u00bb85%\u00bb max_width=\u00bb1700px\u00bb global_colors_info=\u00bb{}\u00bb][et_pb_column type=\u00bb3_5&#8243; _builder_version=\u00bb4.27.4&#8243; _module_preset=\u00bbdefault\u00bb global_colors_info=\u00bb{}\u00bb][et_pb_text _builder_version=\u00bb4.27.4&#8243; _module_preset=\u00bbdefault\u00bb global_colors_info=\u00bb{}\u00bb]<\/p>\n<h3 style=\"text-align: center;\"><strong>\u00b7 LA BODEGA MASSANA HOY \u00b7<\/strong><\/h3>\n<p>&nbsp;<\/p>\n<p>Nos llena de orgullo ser de Horta, un barrio diferente, con una marcada personalidad propia, que hasta 1904 no se anex\u00f3 a Barcelona. Tal vez por eso a\u00fan conserva ese aroma de peque\u00f1o pueblo que mucha gente le encuentra. Y desde el n\u00ba1 de la calle que lleva el nombre del barrio, subimos la persiana desde bien temprano por la ma\u00f1ana.<\/p>\n<p>En la Bodega despachamos entre <strong>1.200 y 1.400 litros de vino de mesa semanales<\/strong>, por lo que el movimiento de las barricas es continuo. Contamos con un total de <strong>22 barricas<\/strong>. Dos filas de barricas, una encima de la otra, donde tenemos el vino a granel con cinco denominaciones de origen diferentes. Pero tambi\u00e9n lo encontrar\u00e9is en el <strong>hist\u00f3rico reloj central<\/strong> detr\u00e1s del mostrador que llama la atenci\u00f3n de todo aquel que lo descubre. Con forma de barril, cada hora tiene un grifo del que a\u00fan brotan perfectamente nuestros vinos generosos.[\/et_pb_text][\/et_pb_column][et_pb_column type=\u00bb2_5&#8243; _builder_version=\u00bb4.27.4&#8243; _module_preset=\u00bbdefault\u00bb global_colors_info=\u00bb{}\u00bb][et_pb_gallery gallery_ids=\u00bb973,970&#8243; fullwidth=\u00bbon\u00bb _builder_version=\u00bb4.27.4&#8243; _module_preset=\u00bbdefault\u00bb width=\u00bb100%\u00bb module_alignment=\u00bbcenter\u00bb hover_enabled=\u00bb0&#8243; global_colors_info=\u00bb{}\u00bb module_alignment_last_edited=\u00bbon|phone\u00bb sticky_enabled=\u00bb0&#8243; module_alignment_tablet=\u00bbcenter\u00bb module_alignment_phone=\u00bbcenter\u00bb][\/et_pb_gallery][\/et_pb_column][\/et_pb_row][\/et_pb_section][et_pb_section fb_built=\u00bb1&#8243; _builder_version=\u00bb4.27.4&#8243; _module_preset=\u00bbdefault\u00bb background_color=\u00bb#ededed\u00bb global_colors_info=\u00bb{}\u00bb][et_pb_row column_structure=\u00bb1_2,1_2&#8243; _builder_version=\u00bb4.27.4&#8243; _module_preset=\u00bbdefault\u00bb width=\u00bb85%\u00bb max_width=\u00bb1700px\u00bb global_colors_info=\u00bb{}\u00bb][et_pb_column type=\u00bb1_2&#8243; _builder_version=\u00bb4.27.4&#8243; _module_preset=\u00bbdefault\u00bb global_colors_info=\u00bb{}\u00bb][et_pb_image src=\u00bbhttps:\/\/bodegamassana.com\/wp-content\/uploads\/2012\/04\/EspecialitatBarreja.jpg\u00bb title_text=\u00bbEspecialitatBarreja\u00bb align=\u00bbcenter\u00bb _builder_version=\u00bb4.27.4&#8243; _module_preset=\u00bbdefault\u00bb width=\u00bb71%\u00bb module_alignment=\u00bbcenter\u00bb hover_enabled=\u00bb0&#8243; global_colors_info=\u00bb{}\u00bb width_last_edited=\u00bbon|phone\u00bb sticky_enabled=\u00bb0&#8243; width_phone=\u00bb100%\u00bb width_tablet=\u00bb71%\u00bb][\/et_pb_image][\/et_pb_column][et_pb_column type=\u00bb1_2&#8243; _builder_version=\u00bb4.27.4&#8243; _module_preset=\u00bbdefault\u00bb global_colors_info=\u00bb{}\u00bb][et_pb_text _builder_version=\u00bb4.27.4&#8243; _module_preset=\u00bbdefault\u00bb global_colors_info=\u00bb{}\u00bb]Desde que Carles abre el establecimiento de madrugada hasta que lo cierra, en la Bodega ofrecemos <strong>desayunos de tenedor<\/strong>, como por ejemplo nuestra cl\u00e1sica butifarra con alubias, y bocadillos de todo tipo para arrancar el d\u00eda con fuerzas, todo con el toque especial de Cris en la cocina. Tambi\u00e9n ofrecemos platos combinados a mediod\u00eda. En cuanto a las bebidas, servimos <strong>vino a granel<\/strong> para consumir en mesa o para llevar en garrafa o botella, vinos embotellados m\u00e1s all\u00e1 de los conocidos por todos y actualmente contamos con un Rioja de cosecha que lleva el nombre de la Bodega.<\/p>\n<p>Los s\u00e1bados pod\u00e9is venir a comenzar el d\u00eda de la mejor manera posible con los <strong>desayunos a la brasa de Can Massana<\/strong>. Un variado de todo tipo de carnes acompa\u00f1adas, si se quiere, de un buen racimo de cal\u00e7ots (en temporada), habas especiales de la casa y, no puede faltar, un buen porr\u00f3n de vino.<\/p>\n<p>Uno de los rasgos de identidad de la casa lo encontramos en el mostrador, donde hay una madera con unos vasos y una botella de aguardiente y otra de moscatel. Y all\u00ed esperan hasta que alg\u00fan cliente haga uso de ellas para servirse \u00e9l mismo la <strong>Mezcla Massana<\/strong>. Un &#8216;self-service&#8217; de confianza con los clientes en el que hay gente que tambi\u00e9n mezcla el vino dulce con co\u00f1ac para cargar las pilas.[\/et_pb_text][et_pb_text _builder_version=\u00bb4.27.4&#8243; _module_preset=\u00bbdefault\u00bb global_colors_info=\u00bb{}\u00bb]Otro de los cl\u00e1sicos lo encontramos a la hora del vermut. Donde lo pod\u00e9is acompa\u00f1ar con un especial de anchoas (\u00a1No os las pod\u00e9is perder!), boquerones, berberechos y otros aperitivos, con el toque especial de la &#8216;Salseta Massana&#8217;. Ahora, tambi\u00e9n pod\u00e9is probar el \u00faltimo invento de Carles, <strong>&#8216;El Sorbete de Vermut&#8217;<\/strong>.<\/p>\n<p>Os esperamos para tomar el vermut, un bocado para charlar, o bien para jugar una partida al domin\u00f3 o a las cartas, o cerrar la tarde tomando un caf\u00e9 o un cigal\u00f3 mientras le\u00e9is o escrib\u00eds. Es <strong>un lugar tranquilo y como los de antes<\/strong> en el que, a trav\u00e9s de la exposici\u00f3n permanente de fotos antiguas de Horta que encontrar\u00e9is en las paredes de la Bodega, os transportar\u00e1 a un pasado rural no tan lejano.[\/et_pb_text][\/et_pb_column][\/et_pb_row][\/et_pb_section]<\/p>\n","protected":false},"excerpt":{"rendered":"<p>\u00b7 HISTORIA \u00b7 &nbsp; La Bodega Massana est\u00e1 al servicio de Horta y del resto de Barcelona desde hace m\u00e1s de 80 a\u00f1os. Fue fundada en 1930 por una familia procedente de Ripollet. As\u00ed, como Can Ripollet, fue conocida hasta 1950, cuando llegaron los hermanos Massana, originarios de Sant Pau d\u2019Ordal (Alt Pened\u00e8s). Tierra de [&hellip;]<\/p>\n","protected":false},"author":2,"featured_media":0,"parent":0,"menu_order":0,"comment_status":"closed","ping_status":"closed","template":"","meta":{"_et_pb_use_builder":"on","_et_pb_old_content":"","_et_gb_content_width":"","footnotes":""},"class_list":["post-8764","page","type-page","status-publish","hentry"],"yoast_head":"<!-- This site is optimized with the Yoast SEO plugin v26.7 - https:\/\/yoast.com\/wordpress\/plugins\/seo\/ -->\n<title>Quienes somos - Bodega Massana<\/title>\n<meta name=\"robots\" content=\"index, follow, max-snippet:-1, max-image-preview:large, max-video-preview:-1\" \/>\n<link rel=\"canonical\" href=\"https:\/\/bodegamassana.com\/qui-som\/\" \/>\n<meta property=\"og:locale\" content=\"es_ES\" \/>\n<meta property=\"og:type\" content=\"article\" \/>\n<meta property=\"og:title\" content=\"Quienes somos - Bodega Massana\" \/>\n<meta property=\"og:description\" content=\"\u00b7 HISTORIA \u00b7 &nbsp; La Bodega Massana est\u00e1 al servicio de Horta y del resto de Barcelona desde hace m\u00e1s de 80 a\u00f1os. Fue fundada en 1930 por una familia procedente de Ripollet. As\u00ed, como Can Ripollet, fue conocida hasta 1950, cuando llegaron los hermanos Massana, originarios de Sant Pau d\u2019Ordal (Alt Pened\u00e8s). Tierra de [&hellip;]\" \/>\n<meta property=\"og:url\" content=\"https:\/\/bodegamassana.com\/qui-som\/\" \/>\n<meta property=\"og:site_name\" content=\"Bodega Massana\" \/>\n<meta property=\"article:modified_time\" content=\"2025-02-18T10:59:27+00:00\" \/>\n<meta name=\"twitter:card\" content=\"summary_large_image\" \/>\n<meta name=\"twitter:label1\" content=\"Tiempo de lectura\" \/>\n\t<meta name=\"twitter:data1\" content=\"7 minutos\" \/>\n<script type=\"application\/ld+json\" class=\"yoast-schema-graph\">{\"@context\":\"https:\/\/schema.org\",\"@graph\":[{\"@type\":\"WebPage\",\"@id\":\"https:\/\/bodegamassana.com\/qui-som\/\",\"url\":\"https:\/\/bodegamassana.com\/qui-som\/\",\"name\":\"Quienes somos - Bodega Massana\",\"isPartOf\":{\"@id\":\"https:\/\/bodegamassana.com\/#website\"},\"datePublished\":\"2025-02-18T10:07:50+00:00\",\"dateModified\":\"2025-02-18T10:59:27+00:00\",\"breadcrumb\":{\"@id\":\"https:\/\/bodegamassana.com\/qui-som\/#breadcrumb\"},\"inLanguage\":\"es\",\"potentialAction\":[{\"@type\":\"ReadAction\",\"target\":[\"https:\/\/bodegamassana.com\/qui-som\/\"]}]},{\"@type\":\"BreadcrumbList\",\"@id\":\"https:\/\/bodegamassana.com\/qui-som\/#breadcrumb\",\"itemListElement\":[{\"@type\":\"ListItem\",\"position\":1,\"name\":\"Inici\",\"item\":\"https:\/\/bodegamassana.com\/\"},{\"@type\":\"ListItem\",\"position\":2,\"name\":\"Quienes somos\"}]},{\"@type\":\"WebSite\",\"@id\":\"https:\/\/bodegamassana.com\/#website\",\"url\":\"https:\/\/bodegamassana.com\/\",\"name\":\"Bodega Massana\",\"description\":\"Bodega Massana de Barcelona\",\"publisher\":{\"@id\":\"https:\/\/bodegamassana.com\/#organization\"},\"potentialAction\":[{\"@type\":\"SearchAction\",\"target\":{\"@type\":\"EntryPoint\",\"urlTemplate\":\"https:\/\/bodegamassana.com\/?s={search_term_string}\"},\"query-input\":{\"@type\":\"PropertyValueSpecification\",\"valueRequired\":true,\"valueName\":\"search_term_string\"}}],\"inLanguage\":\"es\"},{\"@type\":\"Organization\",\"@id\":\"https:\/\/bodegamassana.com\/#organization\",\"name\":\"Bodega Massana\",\"url\":\"https:\/\/bodegamassana.com\/\",\"logo\":{\"@type\":\"ImageObject\",\"inLanguage\":\"es\",\"@id\":\"https:\/\/bodegamassana.com\/#\/schema\/logo\/image\/\",\"url\":\"https:\/\/bodegamassana.com\/wp-content\/uploads\/2012\/04\/cropped-logo_cast1.jpg\",\"contentUrl\":\"https:\/\/bodegamassana.com\/wp-content\/uploads\/2012\/04\/cropped-logo_cast1.jpg\",\"width\":1158,\"height\":819,\"caption\":\"Bodega Massana\"},\"image\":{\"@id\":\"https:\/\/bodegamassana.com\/#\/schema\/logo\/image\/\"}}]}<\/script>\n<!-- \/ Yoast SEO plugin. -->","yoast_head_json":{"title":"Quienes somos - Bodega Massana","robots":{"index":"index","follow":"follow","max-snippet":"max-snippet:-1","max-image-preview":"max-image-preview:large","max-video-preview":"max-video-preview:-1"},"canonical":"https:\/\/bodegamassana.com\/qui-som\/","og_locale":"es_ES","og_type":"article","og_title":"Quienes somos - Bodega Massana","og_description":"\u00b7 HISTORIA \u00b7 &nbsp; La Bodega Massana est\u00e1 al servicio de Horta y del resto de Barcelona desde hace m\u00e1s de 80 a\u00f1os. Fue fundada en 1930 por una familia procedente de Ripollet. As\u00ed, como Can Ripollet, fue conocida hasta 1950, cuando llegaron los hermanos Massana, originarios de Sant Pau d\u2019Ordal (Alt Pened\u00e8s). Tierra de [&hellip;]","og_url":"https:\/\/bodegamassana.com\/qui-som\/","og_site_name":"Bodega Massana","article_modified_time":"2025-02-18T10:59:27+00:00","twitter_card":"summary_large_image","twitter_misc":{"Tiempo de lectura":"7 minutos"},"schema":{"@context":"https:\/\/schema.org","@graph":[{"@type":"WebPage","@id":"https:\/\/bodegamassana.com\/qui-som\/","url":"https:\/\/bodegamassana.com\/qui-som\/","name":"Quienes somos - Bodega Massana","isPartOf":{"@id":"https:\/\/bodegamassana.com\/#website"},"datePublished":"2025-02-18T10:07:50+00:00","dateModified":"2025-02-18T10:59:27+00:00","breadcrumb":{"@id":"https:\/\/bodegamassana.com\/qui-som\/#breadcrumb"},"inLanguage":"es","potentialAction":[{"@type":"ReadAction","target":["https:\/\/bodegamassana.com\/qui-som\/"]}]},{"@type":"BreadcrumbList","@id":"https:\/\/bodegamassana.com\/qui-som\/#breadcrumb","itemListElement":[{"@type":"ListItem","position":1,"name":"Inici","item":"https:\/\/bodegamassana.com\/"},{"@type":"ListItem","position":2,"name":"Quienes somos"}]},{"@type":"WebSite","@id":"https:\/\/bodegamassana.com\/#website","url":"https:\/\/bodegamassana.com\/","name":"Bodega Massana","description":"Bodega Massana de Barcelona","publisher":{"@id":"https:\/\/bodegamassana.com\/#organization"},"potentialAction":[{"@type":"SearchAction","target":{"@type":"EntryPoint","urlTemplate":"https:\/\/bodegamassana.com\/?s={search_term_string}"},"query-input":{"@type":"PropertyValueSpecification","valueRequired":true,"valueName":"search_term_string"}}],"inLanguage":"es"},{"@type":"Organization","@id":"https:\/\/bodegamassana.com\/#organization","name":"Bodega Massana","url":"https:\/\/bodegamassana.com\/","logo":{"@type":"ImageObject","inLanguage":"es","@id":"https:\/\/bodegamassana.com\/#\/schema\/logo\/image\/","url":"https:\/\/bodegamassana.com\/wp-content\/uploads\/2012\/04\/cropped-logo_cast1.jpg","contentUrl":"https:\/\/bodegamassana.com\/wp-content\/uploads\/2012\/04\/cropped-logo_cast1.jpg","width":1158,"height":819,"caption":"Bodega Massana"},"image":{"@id":"https:\/\/bodegamassana.com\/#\/schema\/logo\/image\/"}}]}},"_links":{"self":[{"href":"https:\/\/bodegamassana.com\/es\/wp-json\/wp\/v2\/pages\/8764","targetHints":{"allow":["GET"]}}],"collection":[{"href":"https:\/\/bodegamassana.com\/es\/wp-json\/wp\/v2\/pages"}],"about":[{"href":"https:\/\/bodegamassana.com\/es\/wp-json\/wp\/v2\/types\/page"}],"author":[{"embeddable":true,"href":"https:\/\/bodegamassana.com\/es\/wp-json\/wp\/v2\/users\/2"}],"replies":[{"embeddable":true,"href":"https:\/\/bodegamassana.com\/es\/wp-json\/wp\/v2\/comments?post=8764"}],"version-history":[{"count":4,"href":"https:\/\/bodegamassana.com\/es\/wp-json\/wp\/v2\/pages\/8764\/revisions"}],"predecessor-version":[{"id":8800,"href":"https:\/\/bodegamassana.com\/es\/wp-json\/wp\/v2\/pages\/8764\/revisions\/8800"}],"wp:attachment":[{"href":"https:\/\/bodegamassana.com\/es\/wp-json\/wp\/v2\/media?parent=8764"}],"curies":[{"name":"wp","href":"https:\/\/api.w.org\/{rel}","templated":true}]}}