{"id":8765,"date":"2025-02-18T12:08:56","date_gmt":"2025-02-18T10:08:56","guid":{"rendered":"https:\/\/bodegamassana.com\/vinos-y-cavas\/"},"modified":"2025-02-18T13:07:35","modified_gmt":"2025-02-18T11:07:35","slug":"vinos-y-cavas","status":"publish","type":"page","link":"https:\/\/bodegamassana.com\/es\/vinos-y-cavas\/","title":{"rendered":"Vinos y cavas"},"content":{"rendered":"<p>[et_pb_section fb_built=\u00bb1&#8243; fullwidth=\u00bbon\u00bb _builder_version=\u00bb4.27.4&#8243; _module_preset=\u00bbdefault\u00bb background_image=\u00bbhttps:\/\/bodegamassana.com\/wp-content\/uploads\/2012\/04\/EntradaBodegaBN.jpg\u00bb background_position=\u00bbtop_center\u00bb global_colors_info=\u00bb{}\u00bb][et_pb_fullwidth_header title=\u00bb\u00bfALGO MEJOR QUE UN BUEN VINO?\u00bb _builder_version=\u00bb4.27.4&#8243; _module_preset=\u00bbdefault\u00bb title_text_align=\u00bbcenter\u00bb background_enable_color=\u00bboff\u00bb custom_padding=\u00bb||110px|||\u00bb global_colors_info=\u00bb{}\u00bb][\/et_pb_fullwidth_header][\/et_pb_section][et_pb_section fb_built=\u00bb1&#8243; _builder_version=\u00bb4.27.4&#8243; _module_preset=\u00bbdefault\u00bb global_colors_info=\u00bb{}\u00bb][et_pb_row column_structure=\u00bb1_2,1_2&#8243; _builder_version=\u00bb4.27.4&#8243; _module_preset=\u00bbdefault\u00bb global_colors_info=\u00bb{}\u00bb][et_pb_column type=\u00bb1_2&#8243; _builder_version=\u00bb4.27.4&#8243; _module_preset=\u00bbdefault\u00bb global_colors_info=\u00bb{}\u00bb][et_pb_blurb title=\u00bbVINOS A GRANEL\u00bb image=\u00bbhttps:\/\/bodegamassana.com\/wp-content\/uploads\/2012\/04\/BodegaMassana462.jpg\u00bb _builder_version=\u00bb4.27.4&#8243; _module_preset=\u00bbdefault\u00bb header_text_align=\u00bbcenter\u00bb custom_css_blurb_image=\u00bbMIN-HEIGHT: 350PX;\u00bb global_colors_info=\u00bb{}\u00bb]<\/p>\n<p>&nbsp;<\/p>\n<p><strong>A la Bodega despatxem entre 1.200 i 1.400 litres de vi en taula setmanals. Tenim un total de 22 b\u00f3tes de cara al p\u00fablic i disposem de cinc zones de denominaci\u00f3 d&#8217;origen del nostre vi a doll.<\/strong><\/p>\n<p><strong>\u00b7 PRIORAT<\/strong>, vi negre sec (15\u00ba) i dol\u00e7 (14\u00ba).<\/p>\n<p><strong>\u00b7 PENED\u00c8S<\/strong>, vi negre (12\u00ba), blanc (11\u00ba) i rosat (13\u00ba).<\/p>\n<p><strong>\u00b7 BATEA<\/strong>, vi blanc daurat (14&#8217;5\u00ba).<\/p>\n<p><strong>\u00b7 ARAG\u00d3<\/strong>, vi negre sec (14\u00ba).<\/p>\n<p><strong>\u00b7 GANDESA<\/strong>, vi blanc daurat (14&#8217;5\u00ba).<\/p>\n<p>[\/et_pb_blurb][\/et_pb_column][et_pb_column type=\u00bb1_2&#8243; _builder_version=\u00bb4.27.4&#8243; _module_preset=\u00bbdefault\u00bb global_colors_info=\u00bb{}\u00bb][et_pb_blurb title=\u00bbVINOS GENEROSOS\u00bb image=\u00bbhttps:\/\/bodegamassana.com\/wp-content\/uploads\/2012\/04\/BodegaMassanaVinsGeneroso1.jpg\u00bb _builder_version=\u00bb4.27.4&#8243; _module_preset=\u00bbdefault\u00bb header_text_align=\u00bbcenter\u00bb hover_enabled=\u00bb0&#8243; custom_css_blurb_image=\u00bbMIN-HEIGHT: 350PX;\u00bb global_colors_info=\u00bb{}\u00bb sticky_enabled=\u00bb0&#8243;]<\/p>\n<p>&nbsp;<\/p>\n<p><strong>Nuestros vinos generosos los tenemos en botas de 20 litros y 30 litros y van desde los 15\u00ba hasta los 16\u00ba.<\/strong><\/p>\n<p><strong>\u00b7 MOSCATEL \u00b7 RANCIO \u00b7 JEREZ SECO \u00b7 OPORTO \u00b7 FINO \u00b7 VINO DE M\u00c1LAGA \u00b7 MORILES<\/strong><\/p>\n<p><strong>\u00b7 Tambi\u00e9n tenemos VINAGRE DE VINO, blanco y negro.<\/strong><\/p>\n<p>[\/et_pb_blurb][\/et_pb_column][\/et_pb_row][et_pb_row column_structure=\u00bb1_2,1_2&#8243; _builder_version=\u00bb4.27.4&#8243; _module_preset=\u00bbdefault\u00bb global_colors_info=\u00bb{}\u00bb][et_pb_column type=\u00bb1_2&#8243; _builder_version=\u00bb4.27.4&#8243; _module_preset=\u00bbdefault\u00bb global_colors_info=\u00bb{}\u00bb][et_pb_blurb title=\u00bbVINOS EMBOTELLADOS\u00bb image=\u00bbhttps:\/\/bodegamassana.com\/wp-content\/uploads\/2012\/04\/RiojaBodegaMassana.jpg\u00bb _builder_version=\u00bb4.27.4&#8243; _module_preset=\u00bbdefault\u00bb header_text_align=\u00bbcenter\u00bb hover_enabled=\u00bb0&#8243; custom_css_blurb_image=\u00bbMIN-HEIGHT: 350PX;\u00bb global_colors_info=\u00bb{}\u00bb sticky_enabled=\u00bb0&#8243;]&nbsp;<\/p>\n<p><strong><em>VINOS CATALANES:<\/em><\/strong><\/p>\n<ul>\n<li><strong>CELLER CASA MARIOL (D.O. TERRA ALTA)<\/strong><\/li>\n<\/ul>\n<p>&#8211; Cabernet Reserva 26 meses en barrica.<\/p>\n<p>&#8211; Merlot Reserva 24 meses en barrica.<\/p>\n<p>&#8211; Syrah Reserva 22 meses en barrica.<\/p>\n<ul>\n<li><strong>BODEGAS BACH (D.O. PENED\u00c8S)<\/strong><\/li>\n<\/ul>\n<p>&#8211; Bach Extr\u00edsimo (Vino blanco semi dulce).<\/p>\n<ul>\n<li><strong>BODEGAS TORRES (D.O. CATALUNYA)<\/strong><\/li>\n<\/ul>\n<p>&#8211; Vi\u00f1a Sol (Vino espumoso).<\/p>\n<p>&#8211; Vi\u00f1a Esmeralda (Vino espumoso).<\/p>\n<ul>\n<li><strong>CELLER CAL FERU (D.O. PENED\u00c8S)<\/strong><\/li>\n<\/ul>\n<p>&#8211; Vimont (Vino tinto y rosado de mesa).<\/p>\n<p>&#8211; Vimont Box de 5 litros con grifo (Vino tinto, rosado y blanco).<br \/>\n[\/et_pb_blurb][\/et_pb_column][et_pb_column type=\u00bb1_2&#8243; _builder_version=\u00bb4.27.4&#8243; _module_preset=\u00bbdefault\u00bb global_colors_info=\u00bb{}\u00bb][et_pb_blurb title=\u00bbVINOS EMBOTELLADOS\u00bb image=\u00bbhttps:\/\/bodegamassana.com\/wp-content\/uploads\/2012\/04\/RiojaBodegaMassana.jpg\u00bb _builder_version=\u00bb4.27.4&#8243; _module_preset=\u00bbdefault\u00bb header_text_align=\u00bbcenter\u00bb hover_enabled=\u00bb0&#8243; custom_css_blurb_image=\u00bbMIN-HEIGHT: 350PX;\u00bb global_colors_info=\u00bb{}\u00bb sticky_enabled=\u00bb0&#8243;]&nbsp;<\/p>\n<p><em><strong>VINOS DEL ESTADO ESPA\u00d1OL:<\/strong><\/em><\/p>\n<ul>\n<li><strong>BODEGAS SOLAR DE ESTRAUNZA (D.O. RIOJA)<\/strong><\/li>\n<\/ul>\n<p>&#8211; Crianza, Reserva y Gran Reserva.<\/p>\n<ul>\n<li><strong>VI\u00d1A SEVERIANA (D.O. RUEDA)<\/strong><\/li>\n<\/ul>\n<p>&#8211; Blanco de Verdejo.<\/p>\n<ul>\n<li><strong>BOUZA DO REI (D.O. R\u00cdAS BAIXAS)<\/strong><\/li>\n<\/ul>\n<p>&#8211; Albari\u00f1o, vino blanco.<\/p>\n<ul>\n<li><strong>BODEGAS URIARTE (D.O. BIZKAIKO TXACOLINA)<\/strong><\/li>\n<\/ul>\n<p>&#8211; Ikusgari, Txacol\u00ed.<\/p>\n<ul>\n<li><strong>CIDRA NATURAL VASCA<\/strong><\/li>\n<\/ul>\n<p>&#8211; Gurutzeta.<\/p>\n<ul>\n<li><strong>VERMUT EMBOTELLADO<\/strong><\/li>\n<\/ul>\n<p>&#8211; Yzaguirre, tinto y blanco de 15\u00ba.<\/p>\n<p>&#8211; Yzaguirre Reserva, envejecido en barrica de Roble, 18\u00ba.<\/p>\n<ul>\n<li><strong>RIOJA de la casa \u00abBODEGA MASSANA\u00bb<\/strong><\/li>\n<\/ul>\n<p>&#8211; Vino de la Rioja joven, de 4 a 5 meses en barrica de Roble.<br \/>\n[\/et_pb_blurb][\/et_pb_column][\/et_pb_row][et_pb_row column_structure=\u00bb1_2,1_2&#8243; _builder_version=\u00bb4.27.4&#8243; _module_preset=\u00bbdefault\u00bb global_colors_info=\u00bb{}\u00bb][et_pb_column type=\u00bb1_2&#8243; _builder_version=\u00bb4.27.4&#8243; _module_preset=\u00bbdefault\u00bb global_colors_info=\u00bb{}\u00bb][et_pb_blurb title=\u00bbCAVAS\u00bb image=\u00bbhttps:\/\/bodegamassana.com\/wp-content\/uploads\/2025\/02\/flute-3845886_640.jpg\u00bb _builder_version=\u00bb4.27.4&#8243; _module_preset=\u00bbdefault\u00bb header_text_align=\u00bbcenter\u00bb hover_enabled=\u00bb0&#8243; custom_css_blurb_image=\u00bbMIN-HEIGHT: 350PX;\u00bb global_colors_info=\u00bb{}\u00bb sticky_enabled=\u00bb0&#8243;]&nbsp;<\/p>\n<p><strong>Nuestros cavas son de Sant Sadurn\u00ed d&#8217;Anoia. Peque\u00f1as bodegas pero con mucho cuidado de su producto, con una calidad-precio inmejorable.<\/strong><\/p>\n<ul>\n<li><strong>CAL FERU<\/strong><\/li>\n<\/ul>\n<p><strong>&#8211; Cal Feru, Brut Nature.<\/strong><\/p>\n<p><strong>&#8211; Vimont:<\/strong><\/p>\n<p>+ Brut Nature<\/p>\n<p>+ Brut<\/p>\n<p>+ Brut Rosado<\/p>\n<p>+ Extra<\/p>\n<p><strong>&#8211; Ventura Soler:<\/strong><\/p>\n<p>+ Gran Cuve\u00e9 (Brut Nature).<\/p>\n<p>+ Millesim\u00e9 (Brut Nature).<\/p>\n<p>+ Brut Rosado.<br \/>\n[\/et_pb_blurb][\/et_pb_column][et_pb_column type=\u00bb1_2&#8243; _builder_version=\u00bb4.27.4&#8243; _module_preset=\u00bbdefault\u00bb global_colors_info=\u00bb{}\u00bb][et_pb_blurb title=\u00bbLICORES A GRANEL\u00bb image=\u00bbhttps:\/\/bodegamassana.com\/wp-content\/uploads\/2012\/04\/BodegaMassana80.jpg\u00bb _builder_version=\u00bb4.27.4&#8243; _module_preset=\u00bbdefault\u00bb header_text_align=\u00bbcenter\u00bb hover_enabled=\u00bb0&#8243; custom_css_blurb_image=\u00bbMIN-HEIGHT: 350PX;\u00bb global_colors_info=\u00bb{}\u00bb sticky_enabled=\u00bb0&#8243;]&nbsp;<\/p>\n<p><strong>Para cocinar, para elaborar licores caseros&#8230; Tenemos los siguientes:<\/strong><\/p>\n<p><strong>AN\u00cdS DULCE<\/strong><\/p>\n<p><strong>\u00b7  CASSALLA<\/strong><\/p>\n<p><strong>\u00b7  CONYAC<\/strong><\/p>\n<p><strong>\u00b7  GINEBRA<\/strong><\/p>\n<p><strong>\u00b7  RON NEGRO Y BLANCO<\/strong><\/p>\n<p><strong>\u00b7  MENTA<\/strong><\/p>\n<p><strong>\u00b7 ORUJO (Blanco y Hierbas)<\/strong><\/p>\n<p><strong>\u00b7  CREMA ANISADA (especial para elaborar licores)<\/strong><br \/>\n[\/et_pb_blurb][\/et_pb_column][\/et_pb_row][et_pb_row column_structure=\u00bb1_2,1_2&#8243; _builder_version=\u00bb4.27.4&#8243; _module_preset=\u00bbdefault\u00bb global_colors_info=\u00bb{}\u00bb][et_pb_column type=\u00bb1_2&#8243; _builder_version=\u00bb4.27.4&#8243; _module_preset=\u00bbdefault\u00bb global_colors_info=\u00bb{}\u00bb][et_pb_blurb title=\u00bbVENTA DE BOTES DE PIEL\u00bb image=\u00bbhttps:\/\/bodegamassana.com\/wp-content\/uploads\/2012\/04\/la-foto-18.jpg\u00bb _builder_version=\u00bb4.27.4&#8243; _module_preset=\u00bbdefault\u00bb header_text_align=\u00bbcenter\u00bb hover_enabled=\u00bb0&#8243; custom_css_blurb_image=\u00bbMIN-HEIGHT: 350PX;\u00bb global_colors_info=\u00bb{}\u00bb sticky_enabled=\u00bb0&#8243;]&nbsp;<\/p>\n<p><strong>Tenemos botas desde 1\/2 litro hasta 2 litros. Botas de piel de cabra.<\/strong><br \/>\n[\/et_pb_blurb][\/et_pb_column][et_pb_column type=\u00bb1_2&#8243; _builder_version=\u00bb4.27.4&#8243; _module_preset=\u00bbdefault\u00bb global_colors_info=\u00bb{}\u00bb][et_pb_blurb title=\u00bbVENTA DE BARRICAS DE MADERA\u00bb image=\u00bbhttps:\/\/bodegamassana.com\/wp-content\/uploads\/2012\/04\/la-foto-16.jpg\u00bb _builder_version=\u00bb4.27.4&#8243; _module_preset=\u00bbdefault\u00bb header_text_align=\u00bbcenter\u00bb hover_enabled=\u00bb0&#8243; custom_css_blurb_image=\u00bbMIN-HEIGHT: 350PX;\u00bb global_colors_info=\u00bb{}\u00bb sticky_enabled=\u00bb0&#8243;]&nbsp;<\/p>\n<p><strong>Bajo pedido, nos pod\u00e9is solicitar barricas de madera de Casta\u00f1o o Roble. Desde 4 litros (Barricas licoreras) hasta 200 litros.<\/strong><\/p>\n<p>&nbsp;<br \/>\n[\/et_pb_blurb][\/et_pb_column][\/et_pb_row][\/et_pb_section]<\/p>\n","protected":false},"excerpt":{"rendered":"<p>&nbsp; A la Bodega despatxem entre 1.200 i 1.400 litres de vi en taula setmanals. Tenim un total de 22 b\u00f3tes de cara al p\u00fablic i disposem de cinc zones de denominaci\u00f3 d&#8217;origen del nostre vi a doll. \u00b7 PRIORAT, vi negre sec (15\u00ba) i dol\u00e7 (14\u00ba). \u00b7 PENED\u00c8S, vi negre (12\u00ba), blanc (11\u00ba) i [&hellip;]<\/p>\n","protected":false},"author":2,"featured_media":0,"parent":0,"menu_order":1,"comment_status":"closed","ping_status":"closed","template":"","meta":{"_et_pb_use_builder":"on","_et_pb_old_content":"","_et_gb_content_width":"","footnotes":""},"class_list":["post-8765","page","type-page","status-publish","hentry"],"yoast_head":"<!-- This site is optimized with the Yoast SEO plugin v26.7 - https:\/\/yoast.com\/wordpress\/plugins\/seo\/ -->\n<title>Vinos y cavas - Bodega Massana<\/title>\n<meta name=\"robots\" content=\"index, follow, max-snippet:-1, max-image-preview:large, max-video-preview:-1\" \/>\n<link rel=\"canonical\" href=\"https:\/\/bodegamassana.com\/especialitats-en-vins-i-caves\/\" \/>\n<meta property=\"og:locale\" content=\"es_ES\" \/>\n<meta property=\"og:type\" content=\"article\" \/>\n<meta property=\"og:title\" content=\"Vinos y cavas - Bodega Massana\" \/>\n<meta property=\"og:description\" content=\"&nbsp; A la Bodega despatxem entre 1.200 i 1.400 litres de vi en taula setmanals. Tenim un total de 22 b\u00f3tes de cara al p\u00fablic i disposem de cinc zones de denominaci\u00f3 d&#039;origen del nostre vi a doll. \u00b7 PRIORAT, vi negre sec (15\u00ba) i dol\u00e7 (14\u00ba). \u00b7 PENED\u00c8S, vi negre (12\u00ba), blanc (11\u00ba) i [&hellip;]\" \/>\n<meta property=\"og:url\" content=\"https:\/\/bodegamassana.com\/especialitats-en-vins-i-caves\/\" \/>\n<meta property=\"og:site_name\" content=\"Bodega Massana\" \/>\n<meta property=\"article:modified_time\" content=\"2025-02-18T11:07:35+00:00\" \/>\n<meta name=\"twitter:card\" content=\"summary_large_image\" \/>\n<meta name=\"twitter:label1\" content=\"Tiempo de lectura\" \/>\n\t<meta name=\"twitter:data1\" content=\"5 minutos\" \/>\n<script type=\"application\/ld+json\" class=\"yoast-schema-graph\">{\"@context\":\"https:\/\/schema.org\",\"@graph\":[{\"@type\":\"WebPage\",\"@id\":\"https:\/\/bodegamassana.com\/especialitats-en-vins-i-caves\/\",\"url\":\"https:\/\/bodegamassana.com\/especialitats-en-vins-i-caves\/\",\"name\":\"Vinos y cavas - Bodega Massana\",\"isPartOf\":{\"@id\":\"https:\/\/bodegamassana.com\/#website\"},\"datePublished\":\"2025-02-18T10:08:56+00:00\",\"dateModified\":\"2025-02-18T11:07:35+00:00\",\"breadcrumb\":{\"@id\":\"https:\/\/bodegamassana.com\/especialitats-en-vins-i-caves\/#breadcrumb\"},\"inLanguage\":\"es\",\"potentialAction\":[{\"@type\":\"ReadAction\",\"target\":[\"https:\/\/bodegamassana.com\/especialitats-en-vins-i-caves\/\"]}]},{\"@type\":\"BreadcrumbList\",\"@id\":\"https:\/\/bodegamassana.com\/especialitats-en-vins-i-caves\/#breadcrumb\",\"itemListElement\":[{\"@type\":\"ListItem\",\"position\":1,\"name\":\"Inici\",\"item\":\"https:\/\/bodegamassana.com\/\"},{\"@type\":\"ListItem\",\"position\":2,\"name\":\"Vinos y cavas\"}]},{\"@type\":\"WebSite\",\"@id\":\"https:\/\/bodegamassana.com\/#website\",\"url\":\"https:\/\/bodegamassana.com\/\",\"name\":\"Bodega Massana\",\"description\":\"Bodega Massana de Barcelona\",\"publisher\":{\"@id\":\"https:\/\/bodegamassana.com\/#organization\"},\"potentialAction\":[{\"@type\":\"SearchAction\",\"target\":{\"@type\":\"EntryPoint\",\"urlTemplate\":\"https:\/\/bodegamassana.com\/?s={search_term_string}\"},\"query-input\":{\"@type\":\"PropertyValueSpecification\",\"valueRequired\":true,\"valueName\":\"search_term_string\"}}],\"inLanguage\":\"es\"},{\"@type\":\"Organization\",\"@id\":\"https:\/\/bodegamassana.com\/#organization\",\"name\":\"Bodega Massana\",\"url\":\"https:\/\/bodegamassana.com\/\",\"logo\":{\"@type\":\"ImageObject\",\"inLanguage\":\"es\",\"@id\":\"https:\/\/bodegamassana.com\/#\/schema\/logo\/image\/\",\"url\":\"https:\/\/bodegamassana.com\/wp-content\/uploads\/2012\/04\/cropped-logo_cast1.jpg\",\"contentUrl\":\"https:\/\/bodegamassana.com\/wp-content\/uploads\/2012\/04\/cropped-logo_cast1.jpg\",\"width\":1158,\"height\":819,\"caption\":\"Bodega Massana\"},\"image\":{\"@id\":\"https:\/\/bodegamassana.com\/#\/schema\/logo\/image\/\"}}]}<\/script>\n<!-- \/ Yoast SEO plugin. -->","yoast_head_json":{"title":"Vinos y cavas - Bodega Massana","robots":{"index":"index","follow":"follow","max-snippet":"max-snippet:-1","max-image-preview":"max-image-preview:large","max-video-preview":"max-video-preview:-1"},"canonical":"https:\/\/bodegamassana.com\/especialitats-en-vins-i-caves\/","og_locale":"es_ES","og_type":"article","og_title":"Vinos y cavas - Bodega Massana","og_description":"&nbsp; A la Bodega despatxem entre 1.200 i 1.400 litres de vi en taula setmanals. Tenim un total de 22 b\u00f3tes de cara al p\u00fablic i disposem de cinc zones de denominaci\u00f3 d'origen del nostre vi a doll. \u00b7 PRIORAT, vi negre sec (15\u00ba) i dol\u00e7 (14\u00ba). \u00b7 PENED\u00c8S, vi negre (12\u00ba), blanc (11\u00ba) i [&hellip;]","og_url":"https:\/\/bodegamassana.com\/especialitats-en-vins-i-caves\/","og_site_name":"Bodega Massana","article_modified_time":"2025-02-18T11:07:35+00:00","twitter_card":"summary_large_image","twitter_misc":{"Tiempo de lectura":"5 minutos"},"schema":{"@context":"https:\/\/schema.org","@graph":[{"@type":"WebPage","@id":"https:\/\/bodegamassana.com\/especialitats-en-vins-i-caves\/","url":"https:\/\/bodegamassana.com\/especialitats-en-vins-i-caves\/","name":"Vinos y cavas - Bodega Massana","isPartOf":{"@id":"https:\/\/bodegamassana.com\/#website"},"datePublished":"2025-02-18T10:08:56+00:00","dateModified":"2025-02-18T11:07:35+00:00","breadcrumb":{"@id":"https:\/\/bodegamassana.com\/especialitats-en-vins-i-caves\/#breadcrumb"},"inLanguage":"es","potentialAction":[{"@type":"ReadAction","target":["https:\/\/bodegamassana.com\/especialitats-en-vins-i-caves\/"]}]},{"@type":"BreadcrumbList","@id":"https:\/\/bodegamassana.com\/especialitats-en-vins-i-caves\/#breadcrumb","itemListElement":[{"@type":"ListItem","position":1,"name":"Inici","item":"https:\/\/bodegamassana.com\/"},{"@type":"ListItem","position":2,"name":"Vinos y cavas"}]},{"@type":"WebSite","@id":"https:\/\/bodegamassana.com\/#website","url":"https:\/\/bodegamassana.com\/","name":"Bodega Massana","description":"Bodega Massana de Barcelona","publisher":{"@id":"https:\/\/bodegamassana.com\/#organization"},"potentialAction":[{"@type":"SearchAction","target":{"@type":"EntryPoint","urlTemplate":"https:\/\/bodegamassana.com\/?s={search_term_string}"},"query-input":{"@type":"PropertyValueSpecification","valueRequired":true,"valueName":"search_term_string"}}],"inLanguage":"es"},{"@type":"Organization","@id":"https:\/\/bodegamassana.com\/#organization","name":"Bodega Massana","url":"https:\/\/bodegamassana.com\/","logo":{"@type":"ImageObject","inLanguage":"es","@id":"https:\/\/bodegamassana.com\/#\/schema\/logo\/image\/","url":"https:\/\/bodegamassana.com\/wp-content\/uploads\/2012\/04\/cropped-logo_cast1.jpg","contentUrl":"https:\/\/bodegamassana.com\/wp-content\/uploads\/2012\/04\/cropped-logo_cast1.jpg","width":1158,"height":819,"caption":"Bodega Massana"},"image":{"@id":"https:\/\/bodegamassana.com\/#\/schema\/logo\/image\/"}}]}},"_links":{"self":[{"href":"https:\/\/bodegamassana.com\/es\/wp-json\/wp\/v2\/pages\/8765","targetHints":{"allow":["GET"]}}],"collection":[{"href":"https:\/\/bodegamassana.com\/es\/wp-json\/wp\/v2\/pages"}],"about":[{"href":"https:\/\/bodegamassana.com\/es\/wp-json\/wp\/v2\/types\/page"}],"author":[{"embeddable":true,"href":"https:\/\/bodegamassana.com\/es\/wp-json\/wp\/v2\/users\/2"}],"replies":[{"embeddable":true,"href":"https:\/\/bodegamassana.com\/es\/wp-json\/wp\/v2\/comments?post=8765"}],"version-history":[{"count":1,"href":"https:\/\/bodegamassana.com\/es\/wp-json\/wp\/v2\/pages\/8765\/revisions"}],"predecessor-version":[{"id":8803,"href":"https:\/\/bodegamassana.com\/es\/wp-json\/wp\/v2\/pages\/8765\/revisions\/8803"}],"wp:attachment":[{"href":"https:\/\/bodegamassana.com\/es\/wp-json\/wp\/v2\/media?parent=8765"}],"curies":[{"name":"wp","href":"https:\/\/api.w.org\/{rel}","templated":true}]}}